{"id":2931,"date":"2022-07-18T17:23:35","date_gmt":"2022-07-18T15:23:35","guid":{"rendered":"https:\/\/charlescarrere.art\/the-multifaceted-artist\/ses-peintures-aquarelles\/"},"modified":"2023-05-01T13:17:18","modified_gmt":"2023-05-01T11:17:18","slug":"his-painting-and-watercolours","status":"publish","type":"page","link":"https:\/\/charlescarrere.art\/en\/the-multifaceted-artist\/his-painting-and-watercolours\/","title":{"rendered":"His paintings &#038; watercolours"},"content":{"rendered":"<p>[layerslider id=&#8221;31&#8243;]<\/p>\n\n\n\n<div style=\"height:20px\" aria-hidden=\"true\" class=\"wp-block-spacer\"><\/div>\n\n\n\n<h2 class=\"wp-block-heading has-large-font-size\">On the spot<\/h2>\n\n\n\n<p class=\"has-large-font-size\" style=\"line-height:1.4\">Charles Carr\u00e8re likes to paint &#8220;on the spot&#8221;, i.e. in the open air, in front of the landscape. The artist applied his paint directly to the canvas without any prior drawing. Later, he continued to paint on the motif only during his holidays. When he painted at night in his studio, he produced a completely different style, letting his imagination wander, guided by his surrealist spirit.<\/p>\n\n\n\n<p class=\"has-large-font-size\" style=\"line-height:1.4\">Each time he travelled, Charles Carr\u00e8re noted everything he did in his travel diary as well as his expenses and mileage. For this watercolour gouache painting, as he liked to say, we find a trace of the work &#8220;Solesmes&#8221; dated June 1966. In his notebook it is indicated that he painted this landscape on June 29.<\/p>\n\n\n\n<div class=\"wp-block-columns alignwide are-vertically-aligned-center is-layout-flex wp-container-core-columns-is-layout-9d6595d7 wp-block-columns-is-layout-flex\">\n<div class=\"wp-block-column is-vertically-aligned-center is-layout-flow wp-block-column-is-layout-flow\">\n<figure class=\"wp-block-image aligncenter size-full is-resized\"><img loading=\"lazy\" decoding=\"async\" src=\"http:\/\/eonjmww.cluster100.hosting.ovh.net\/wp-content\/uploads\/2022\/09\/Voyage-Solesmes1.jpg\" alt=\"\" class=\"wp-image-1715\" width=\"256\" height=\"400\" srcset=\"https:\/\/charlescarrere.art\/wp-content\/uploads\/2022\/09\/Voyage-Solesmes1.jpg 511w, https:\/\/charlescarrere.art\/wp-content\/uploads\/2022\/09\/Voyage-Solesmes1-319x500.jpg 319w, https:\/\/charlescarrere.art\/wp-content\/uploads\/2022\/09\/Voyage-Solesmes1-96x150.jpg 96w, https:\/\/charlescarrere.art\/wp-content\/uploads\/2022\/09\/Voyage-Solesmes1-450x705.jpg 450w\" sizes=\"auto, (max-width: 256px) 100vw, 256px\" \/><\/figure>\n<\/div>\n\n\n\n<div class=\"wp-block-column is-vertically-aligned-center is-layout-flow wp-block-column-is-layout-flow\">\n<figure class=\"wp-block-image size-full is-resized\"><img loading=\"lazy\" decoding=\"async\" src=\"http:\/\/eonjmww.cluster100.hosting.ovh.net\/wp-content\/uploads\/2022\/09\/Voyage-Solesmes2.jpg\" alt=\"\" class=\"wp-image-1716\" width=\"266\" height=\"400\" srcset=\"https:\/\/charlescarrere.art\/wp-content\/uploads\/2022\/09\/Voyage-Solesmes2.jpg 532w, https:\/\/charlescarrere.art\/wp-content\/uploads\/2022\/09\/Voyage-Solesmes2-333x500.jpg 333w, https:\/\/charlescarrere.art\/wp-content\/uploads\/2022\/09\/Voyage-Solesmes2-100x150.jpg 100w, https:\/\/charlescarrere.art\/wp-content\/uploads\/2022\/09\/Voyage-Solesmes2-469x705.jpg 469w\" sizes=\"auto, (max-width: 266px) 100vw, 266px\" \/><\/figure>\n<\/div>\n\n\n\n<div class=\"wp-block-column is-vertically-aligned-center is-layout-flow wp-block-column-is-layout-flow\">\n<figure class=\"wp-block-image size-full is-resized\"><img loading=\"lazy\" decoding=\"async\" src=\"http:\/\/eonjmww.cluster100.hosting.ovh.net\/wp-content\/uploads\/2022\/09\/Voyage-Solesmes3-1.jpg\" alt=\"\" class=\"wp-image-1731\" width=\"275\" height=\"400\" srcset=\"https:\/\/charlescarrere.art\/wp-content\/uploads\/2022\/09\/Voyage-Solesmes3-1.jpg 550w, https:\/\/charlescarrere.art\/wp-content\/uploads\/2022\/09\/Voyage-Solesmes3-1-344x500.jpg 344w, https:\/\/charlescarrere.art\/wp-content\/uploads\/2022\/09\/Voyage-Solesmes3-1-103x150.jpg 103w, https:\/\/charlescarrere.art\/wp-content\/uploads\/2022\/09\/Voyage-Solesmes3-1-485x705.jpg 485w\" sizes=\"auto, (max-width: 275px) 100vw, 275px\" \/><\/figure>\n<\/div>\n<\/div>\n\n\n\n<figure class=\"wp-block-image aligncenter size-full is-resized\"><img loading=\"lazy\" decoding=\"async\" src=\"http:\/\/eonjmww.cluster100.hosting.ovh.net\/wp-content\/uploads\/2022\/09\/SOLESMES.jpg\" alt=\"\" class=\"wp-image-1736\" width=\"655\" height=\"505\" srcset=\"https:\/\/charlescarrere.art\/wp-content\/uploads\/2022\/09\/SOLESMES.jpg 1399w, https:\/\/charlescarrere.art\/wp-content\/uploads\/2022\/09\/SOLESMES-648x500.jpg 648w, https:\/\/charlescarrere.art\/wp-content\/uploads\/2022\/09\/SOLESMES-194x150.jpg 194w, https:\/\/charlescarrere.art\/wp-content\/uploads\/2022\/09\/SOLESMES-768x593.jpg 768w, https:\/\/charlescarrere.art\/wp-content\/uploads\/2022\/09\/SOLESMES-705x544.jpg 705w\" sizes=\"auto, (max-width: 655px) 100vw, 655px\" \/><figcaption class=\"wp-element-caption\">Solesmes june1966 \u00a9CharlesCarr\u00e8re<br>Photo\u00a9JanieC<\/figcaption><\/figure>\n\n\n\n<p class=\"has-large-font-size\" style=\"line-height:1.4\">Charles Carr\u00e8re produced a very large number of paintings on the motif. A Focus will be devoted to a tour of France through the paintings of Charles Carr\u00e8re. And there are some amazing discoveries! To be continued\u2026<\/p>\n\n\n\n<div class=\"wp-block-columns is-layout-flex wp-container-core-columns-is-layout-9d6595d7 wp-block-columns-is-layout-flex\">\n<div class=\"wp-block-column is-vertically-aligned-center is-layout-flow wp-block-column-is-layout-flow\" style=\"flex-basis:66.66%\">\n<figure class=\"wp-block-image aligncenter size-full is-resized\"><img loading=\"lazy\" decoding=\"async\" src=\"http:\/\/eonjmww.cluster100.hosting.ovh.net\/wp-content\/uploads\/2022\/09\/143-Miniature-Paysage-Bretagne.jpg\" alt=\"\" class=\"wp-image-1744\" width=\"472\" height=\"303\" srcset=\"https:\/\/charlescarrere.art\/wp-content\/uploads\/2022\/09\/143-Miniature-Paysage-Bretagne.jpg 1920w, https:\/\/charlescarrere.art\/wp-content\/uploads\/2022\/09\/143-Miniature-Paysage-Bretagne-700x451.jpg 700w, https:\/\/charlescarrere.art\/wp-content\/uploads\/2022\/09\/143-Miniature-Paysage-Bretagne-233x150.jpg 233w, https:\/\/charlescarrere.art\/wp-content\/uploads\/2022\/09\/143-Miniature-Paysage-Bretagne-768x494.jpg 768w, https:\/\/charlescarrere.art\/wp-content\/uploads\/2022\/09\/143-Miniature-Paysage-Bretagne-1536x989.jpg 1536w, https:\/\/charlescarrere.art\/wp-content\/uploads\/2022\/09\/143-Miniature-Paysage-Bretagne-1500x966.jpg 1500w, https:\/\/charlescarrere.art\/wp-content\/uploads\/2022\/09\/143-Miniature-Paysage-Bretagne-705x454.jpg 705w\" sizes=\"auto, (max-width: 472px) 100vw, 472px\" \/><figcaption class=\"wp-element-caption\">Village on the Brittany coast 19 June 1973 \u00a9CharlesCarr\u00e8re<br>Photo@JanieC<\/figcaption><\/figure>\n<\/div>\n\n\n\n<div class=\"wp-block-column is-vertically-aligned-center is-layout-flow wp-block-column-is-layout-flow\" style=\"flex-basis:33.33%\">\n<figure class=\"wp-block-image size-medium\"><img loading=\"lazy\" decoding=\"async\" width=\"296\" height=\"500\" src=\"http:\/\/eonjmww.cluster100.hosting.ovh.net\/wp-content\/uploads\/2022\/09\/Tour-296x500.jpg\" alt=\"\" class=\"wp-image-1749\" srcset=\"https:\/\/charlescarrere.art\/wp-content\/uploads\/2022\/09\/Tour-296x500.jpg 296w, https:\/\/charlescarrere.art\/wp-content\/uploads\/2022\/09\/Tour-89x150.jpg 89w, https:\/\/charlescarrere.art\/wp-content\/uploads\/2022\/09\/Tour-417x705.jpg 417w, https:\/\/charlescarrere.art\/wp-content\/uploads\/2022\/09\/Tour.jpg 731w\" sizes=\"auto, (max-width: 296px) 100vw, 296px\" \/><figcaption class=\"wp-element-caption\">Pyrenees tower and bell tower &#8211; undated \u00a9CharlesCarr\u00e8re<br>Photo\u00a9JanieC<\/figcaption><\/figure>\n<\/div>\n<\/div>\n\n\n\n<h2 class=\"wp-block-heading has-large-font-size\">In his studio<\/h2>\n\n\n\n<p class=\"has-large-font-size\" style=\"line-height:1.4\">When Charles Carr\u00e8re paints in his studio, he either paints from a photo or he simply creates.<\/p>\n\n\n\n<h3 class=\"wp-block-heading has-medium-font-size\">FROM PICTURE<\/h3>\n\n\n\n<p class=\"has-large-font-size\" style=\"line-height:1.4\">He takes photos on holiday or during his walks in nature and then uses them as inspiration for his paintings. As for example below: with on the left &#8220;The Lighthouse&#8221; and on the right an untitled work taken from a landscape.<\/p>\n\n\n\n<div class=\"wp-block-columns is-layout-flex wp-container-core-columns-is-layout-9d6595d7 wp-block-columns-is-layout-flex\">\n<div class=\"wp-block-column is-layout-flow wp-block-column-is-layout-flow\" style=\"flex-basis:33.33%\">\n<figure class=\"wp-block-image aligncenter size-full is-resized\"><img loading=\"lazy\" decoding=\"async\" src=\"http:\/\/eonjmww.cluster100.hosting.ovh.net\/wp-content\/uploads\/2022\/09\/DSC04603.jpg\" alt=\"\" class=\"wp-image-1761\" width=\"322\" height=\"377\" srcset=\"https:\/\/charlescarrere.art\/wp-content\/uploads\/2022\/09\/DSC04603.jpg 683w, https:\/\/charlescarrere.art\/wp-content\/uploads\/2022\/09\/DSC04603-427x500.jpg 427w, https:\/\/charlescarrere.art\/wp-content\/uploads\/2022\/09\/DSC04603-128x150.jpg 128w, https:\/\/charlescarrere.art\/wp-content\/uploads\/2022\/09\/DSC04603-602x705.jpg 602w\" sizes=\"auto, (max-width: 322px) 100vw, 322px\" \/><figcaption class=\"wp-element-caption\">Le Phare 3 oct 2010 \u00a9CharlesCarr\u00e8re<br>Photo\u00a9JanieC<\/figcaption><\/figure>\n<\/div>\n\n\n\n<div class=\"wp-block-column is-layout-flow wp-block-column-is-layout-flow\" style=\"flex-basis:66.66%\">\n<figure class=\"wp-block-image aligncenter size-full is-resized\"><img loading=\"lazy\" decoding=\"async\" src=\"http:\/\/eonjmww.cluster100.hosting.ovh.net\/wp-content\/uploads\/2022\/09\/ANNEE-2019-DSC04594.jpg\" alt=\"\" class=\"wp-image-1762\" width=\"648\" height=\"377\" srcset=\"https:\/\/charlescarrere.art\/wp-content\/uploads\/2022\/09\/ANNEE-2019-DSC04594.jpg 1372w, https:\/\/charlescarrere.art\/wp-content\/uploads\/2022\/09\/ANNEE-2019-DSC04594-700x408.jpg 700w, https:\/\/charlescarrere.art\/wp-content\/uploads\/2022\/09\/ANNEE-2019-DSC04594-257x150.jpg 257w, https:\/\/charlescarrere.art\/wp-content\/uploads\/2022\/09\/ANNEE-2019-DSC04594-768x448.jpg 768w, https:\/\/charlescarrere.art\/wp-content\/uploads\/2022\/09\/ANNEE-2019-DSC04594-705x411.jpg 705w\" sizes=\"auto, (max-width: 648px) 100vw, 648px\" \/><figcaption class=\"wp-element-caption\">Untitled work June 9, 2018 \u00a9CharlesCarr\u00e8re<br>Photo\u00a9JanieC<\/figcaption><\/figure>\n<\/div>\n<\/div>\n\n\n\n<p class=\"has-large-font-size\" style=\"line-height:1.4\">During the last years of his life, Charles Carr\u00e8re chose the small format for his paintings. Nature and light were his preoccupations at the time.<\/p>\n\n\n\n<figure class=\"wp-block-image aligncenter size-medium is-resized\"><img loading=\"lazy\" decoding=\"async\" src=\"http:\/\/eonjmww.cluster100.hosting.ovh.net\/wp-content\/uploads\/2022\/09\/ANNEE-2016-DSC04438-LUMIERE-700x495.jpg\" alt=\"\" class=\"wp-image-1772\" width=\"623\" height=\"441\" srcset=\"https:\/\/charlescarrere.art\/wp-content\/uploads\/2022\/09\/ANNEE-2016-DSC04438-LUMIERE-700x495.jpg 700w, https:\/\/charlescarrere.art\/wp-content\/uploads\/2022\/09\/ANNEE-2016-DSC04438-LUMIERE-1981x1400.jpg 1981w, https:\/\/charlescarrere.art\/wp-content\/uploads\/2022\/09\/ANNEE-2016-DSC04438-LUMIERE-212x150.jpg 212w, https:\/\/charlescarrere.art\/wp-content\/uploads\/2022\/09\/ANNEE-2016-DSC04438-LUMIERE-768x543.jpg 768w, https:\/\/charlescarrere.art\/wp-content\/uploads\/2022\/09\/ANNEE-2016-DSC04438-LUMIERE-1536x1085.jpg 1536w, https:\/\/charlescarrere.art\/wp-content\/uploads\/2022\/09\/ANNEE-2016-DSC04438-LUMIERE-2048x1447.jpg 2048w, https:\/\/charlescarrere.art\/wp-content\/uploads\/2022\/09\/ANNEE-2016-DSC04438-LUMIERE-1500x1060.jpg 1500w, https:\/\/charlescarrere.art\/wp-content\/uploads\/2022\/09\/ANNEE-2016-DSC04438-LUMIERE-260x185.jpg 260w, https:\/\/charlescarrere.art\/wp-content\/uploads\/2022\/09\/ANNEE-2016-DSC04438-LUMIERE-705x498.jpg 705w\" sizes=\"auto, (max-width: 623px) 100vw, 623px\" \/><figcaption class=\"wp-element-caption\">Untitled work on 20 Nov 2016 \u00a9CharlesCarr\u00e8re<\/figcaption><\/figure>\n\n\n\n<h3 class=\"wp-block-heading\">CREATIVITY AND SURREALISM<\/h3>\n\n\n\n<p class=\"has-large-font-size\" style=\"line-height:1.4\">When Charles Carr\u00e8re lets his imagination take over, it leads him towards surrealism.<br>This is how we often find birds with anthropomorphic profiles but also imaginary human portraits. Sometimes he creates works dealing with history or opera and often we find literary or poetic references. With Charles Carr\u00e8re, the gap between the object and its representation is a common practice. As for his inspirations, they often come from his favourite poets such as Ren\u00e9 Char, Jacques Pr\u00e9vert or Paul Eluard to name but a few. And Charles Carr\u00e8re, a lover of literature, often quotes Baudelaire and Mallarm\u00e9 as well as Alfred Jarry and Apollinaire.<\/p>\n\n\n\n<h5 class=\"wp-block-heading has-large-font-size\">Some representative works:<\/h5>\n\n\n\n<p class=\"has-large-font-size\" style=\"line-height:1.4\">Here is the ornithoromachy where the bullfighters are birds and the antitaureaumachy where the winner of the fight is the bull that is going to be decorated for his exploit.<\/p>\n\n\n\n<div class=\"wp-block-columns is-layout-flex wp-container-core-columns-is-layout-9d6595d7 wp-block-columns-is-layout-flex\">\n<div class=\"wp-block-column is-layout-flow wp-block-column-is-layout-flow\">\n<figure class=\"wp-block-image aligncenter size-full\"><img loading=\"lazy\" decoding=\"async\" width=\"1039\" height=\"800\" src=\"http:\/\/eonjmww.cluster100.hosting.ovh.net\/wp-content\/uploads\/2022\/09\/Ornithoromachie.jpg\" alt=\"\" class=\"wp-image-1789\" srcset=\"https:\/\/charlescarrere.art\/wp-content\/uploads\/2022\/09\/Ornithoromachie.jpg 1039w, https:\/\/charlescarrere.art\/wp-content\/uploads\/2022\/09\/Ornithoromachie-649x500.jpg 649w, https:\/\/charlescarrere.art\/wp-content\/uploads\/2022\/09\/Ornithoromachie-195x150.jpg 195w, https:\/\/charlescarrere.art\/wp-content\/uploads\/2022\/09\/Ornithoromachie-768x591.jpg 768w, https:\/\/charlescarrere.art\/wp-content\/uploads\/2022\/09\/Ornithoromachie-705x543.jpg 705w\" sizes=\"auto, (max-width: 1039px) 100vw, 1039px\" \/><figcaption class=\"wp-element-caption\">Ornithoromachie \u00a9CharlesCarr\u00e8re<br>Photo\u00a9JanieC<\/figcaption><\/figure>\n<\/div>\n\n\n\n<div class=\"wp-block-column is-layout-flow wp-block-column-is-layout-flow\">\n<figure class=\"wp-block-image aligncenter size-full\"><img loading=\"lazy\" decoding=\"async\" width=\"1036\" height=\"800\" src=\"http:\/\/eonjmww.cluster100.hosting.ovh.net\/wp-content\/uploads\/2022\/09\/Antitaureaumachie.jpg\" alt=\"\" class=\"wp-image-1790\" srcset=\"https:\/\/charlescarrere.art\/wp-content\/uploads\/2022\/09\/Antitaureaumachie.jpg 1036w, https:\/\/charlescarrere.art\/wp-content\/uploads\/2022\/09\/Antitaureaumachie-648x500.jpg 648w, https:\/\/charlescarrere.art\/wp-content\/uploads\/2022\/09\/Antitaureaumachie-194x150.jpg 194w, https:\/\/charlescarrere.art\/wp-content\/uploads\/2022\/09\/Antitaureaumachie-768x593.jpg 768w, https:\/\/charlescarrere.art\/wp-content\/uploads\/2022\/09\/Antitaureaumachie-705x544.jpg 705w\" sizes=\"auto, (max-width: 1036px) 100vw, 1036px\" \/><figcaption class=\"wp-element-caption\">Antitaureaumachie \u00a9CharlesCarr\u00e8re<br>Photo\u00a9JanieC<\/figcaption><\/figure>\n<\/div>\n<\/div>\n\n\n\n<p class=\"has-large-font-size\" style=\"line-height:1.4\">Charles Carr\u00e8re painted imaginary portraits. Sometimes he painted them with a little bit of piquant humour, as in this painting of a notary and a bishop, implying who is confessing who?<\/p>\n\n\n\n<figure class=\"wp-block-image aligncenter size-full is-resized\"><img loading=\"lazy\" decoding=\"async\" src=\"http:\/\/eonjmww.cluster100.hosting.ovh.net\/wp-content\/uploads\/2022\/09\/Le-Notaire-et-le\u0301ve\u0302que.jpg\" alt=\"\" class=\"wp-image-1830\" width=\"668\" height=\"548\" srcset=\"https:\/\/charlescarrere.art\/wp-content\/uploads\/2022\/09\/Le-Notaire-et-le\u0301ve\u0302que.jpg 974w, https:\/\/charlescarrere.art\/wp-content\/uploads\/2022\/09\/Le-Notaire-et-le\u0301ve\u0302que-609x500.jpg 609w, https:\/\/charlescarrere.art\/wp-content\/uploads\/2022\/09\/Le-Notaire-et-le\u0301ve\u0302que-183x150.jpg 183w, https:\/\/charlescarrere.art\/wp-content\/uploads\/2022\/09\/Le-Notaire-et-le\u0301ve\u0302que-768x631.jpg 768w, https:\/\/charlescarrere.art\/wp-content\/uploads\/2022\/09\/Le-Notaire-et-le\u0301ve\u0302que-705x579.jpg 705w\" sizes=\"auto, (max-width: 668px) 100vw, 668px\" \/><figcaption class=\"wp-element-caption\">The notary and the bishop \u00a9CharlesCarr\u00e8re<br>Photo\u00a9JanieC<\/figcaption><\/figure>\n\n\n\n<p class=\"has-large-font-size\" style=\"line-height:1.4\">Then here are two other imaginary portraits. On the left is the Far Easterner with his waterfall beard and on the right is the cobbler from the caprice of the same name.<\/p>\n\n\n\n<div class=\"wp-block-columns is-layout-flex wp-container-core-columns-is-layout-9d6595d7 wp-block-columns-is-layout-flex\">\n<div class=\"wp-block-column is-vertically-aligned-center is-layout-flow wp-block-column-is-layout-flow\">\n<figure class=\"wp-block-image aligncenter size-full\"><img loading=\"lazy\" decoding=\"async\" width=\"537\" height=\"800\" src=\"http:\/\/eonjmww.cluster100.hosting.ovh.net\/wp-content\/uploads\/2022\/09\/AsiatiqueChuteDeauCharlesCarrere.jpg\" alt=\"\" class=\"wp-image-1795\" srcset=\"https:\/\/charlescarrere.art\/wp-content\/uploads\/2022\/09\/AsiatiqueChuteDeauCharlesCarrere.jpg 537w, https:\/\/charlescarrere.art\/wp-content\/uploads\/2022\/09\/AsiatiqueChuteDeauCharlesCarrere-336x500.jpg 336w, https:\/\/charlescarrere.art\/wp-content\/uploads\/2022\/09\/AsiatiqueChuteDeauCharlesCarrere-101x150.jpg 101w, https:\/\/charlescarrere.art\/wp-content\/uploads\/2022\/09\/AsiatiqueChuteDeauCharlesCarrere-473x705.jpg 473w\" sizes=\"auto, (max-width: 537px) 100vw, 537px\" \/><figcaption class=\"wp-element-caption\">L&#8217;extr\u00eame oriental\/ the far east \u00a9CharlesCarr\u00e8re<br>Photo\u00a9JanieC<\/figcaption><\/figure>\n<\/div>\n\n\n\n<div class=\"wp-block-column is-vertically-aligned-center is-layout-flow wp-block-column-is-layout-flow\">\n<figure class=\"wp-block-image aligncenter size-full is-resized\"><img loading=\"lazy\" decoding=\"async\" src=\"http:\/\/eonjmww.cluster100.hosting.ovh.net\/wp-content\/uploads\/2022\/09\/Le-Cordonnier-Tableau-Carrere.jpg\" alt=\"\" class=\"wp-image-1798\" width=\"579\" height=\"862\"\/><figcaption class=\"wp-element-caption\">The cobbler \u00a9CharlesCarr\u00e8re<br>Photo\u00a9JanieC<\/figcaption><\/figure>\n<\/div>\n<\/div>\n\n\n\n<p class=\"has-large-font-size\" style=\"line-height:1.4\">Focus will be published regularly and will allow you to find out more about a work by Charles Carr\u00e8re.<\/p>\n\n\n\n<p class=\"has-large-font-size\" style=\"line-height:1.4\">Continued towards: Plastic research<\/p>\n\n\n\n<p class=\"has-large-font-size\" style=\"line-height:1.4\">Or back to the main page: <a href=\"http:\/\/eonjmww.cluster100.hosting.ovh.net\/en\/the-multifaceted-artist\/\" data-type=\"page\" data-id=\"2881\"><strong>The multi-faceted artist<\/strong><\/a><\/p>\n\n\n\n<p class=\"has-large-font-size\" style=\"line-height:1.4\">Or back to the <strong><a href=\"http:\/\/eonjmww.cluster100.hosting.ovh.net\/en\/\" data-type=\"page\" data-id=\"3791\">Home page<\/a><\/strong><\/p>\n","protected":false},"excerpt":{"rendered":"<p>On the spot Charles Carr\u00e8re likes to paint &#8220;on the spot&#8221;, i.e. in the open air, in front of the landscape. The artist applied his paint directly to the canvas without any prior drawing. Later, he continued to paint on the motif only during his holidays. When he painted at night in his studio, he [&hellip;]<\/p>\n","protected":false},"author":1,"featured_media":0,"parent":2881,"menu_order":2,"comment_status":"closed","ping_status":"closed","template":"","meta":{"footnotes":""},"class_list":["post-2931","page","type-page","status-publish","hentry"],"_links":{"self":[{"href":"https:\/\/charlescarrere.art\/en\/wp-json\/wp\/v2\/pages\/2931","targetHints":{"allow":["GET"]}}],"collection":[{"href":"https:\/\/charlescarrere.art\/en\/wp-json\/wp\/v2\/pages"}],"about":[{"href":"https:\/\/charlescarrere.art\/en\/wp-json\/wp\/v2\/types\/page"}],"author":[{"embeddable":true,"href":"https:\/\/charlescarrere.art\/en\/wp-json\/wp\/v2\/users\/1"}],"replies":[{"embeddable":true,"href":"https:\/\/charlescarrere.art\/en\/wp-json\/wp\/v2\/comments?post=2931"}],"version-history":[{"count":22,"href":"https:\/\/charlescarrere.art\/en\/wp-json\/wp\/v2\/pages\/2931\/revisions"}],"predecessor-version":[{"id":3880,"href":"https:\/\/charlescarrere.art\/en\/wp-json\/wp\/v2\/pages\/2931\/revisions\/3880"}],"up":[{"embeddable":true,"href":"https:\/\/charlescarrere.art\/en\/wp-json\/wp\/v2\/pages\/2881"}],"wp:attachment":[{"href":"https:\/\/charlescarrere.art\/en\/wp-json\/wp\/v2\/media?parent=2931"}],"curies":[{"name":"wp","href":"https:\/\/api.w.org\/{rel}","templated":true}]}}