{"id":2872,"date":"2022-07-18T17:22:48","date_gmt":"2022-07-18T15:22:48","guid":{"rendered":"https:\/\/charlescarrere.art\/ses-dessins\/"},"modified":"2023-05-01T12:57:43","modified_gmt":"2023-05-01T10:57:43","slug":"his-drawings","status":"publish","type":"page","link":"https:\/\/charlescarrere.art\/en\/the-multifaceted-artist\/his-drawings\/","title":{"rendered":"His drawings"},"content":{"rendered":"<p>[layerslider id=&#8221;30&#8243;]<\/p>\n\n\n\n<div style=\"height:31px\" aria-hidden=\"true\" class=\"wp-block-spacer\"><\/div>\n\n\n\n<p class=\"has-medium-font-size\">Charles Carr\u00e8re has always been keen to pay tribute to his drawing teacher Louis-Fr\u00e9d\u00e9ric Dupuis from the Bayonne school of drawing and painting. Charles Carr\u00e8re draws every day. His favourite technique is charcoal. But he also does a large number of ink drawings with a pen.<\/p>\n\n\n\n<p class=\"has-medium-font-size\">Charles Carr\u00e8re says that everything can be drawn, life, death, still lifes, birds that he draws from nature. And if the artist looks at a tree trunk or a skull he immediately sees shapes or a silhouette. It&#8217;s a bit like fantasy,&#8221; he explains. He gives anthropomorphic expressions to the animals and even to the objects he chooses to draw.<\/p>\n\n\n\n<p class=\"has-medium-font-size\">Birds play an important role in his work. As a child he watched women plucking birds in the farmyard. He was both fascinated and horrified. That is why he never stopped wanting to bring them to life. He depicts them in anthropomorphic profile and sometimes takes advantage of this to denounce human defects. In this way, he thinks he is restoring a certain justice.<\/p>\n\n\n\n<div class=\"wp-block-columns is-layout-flex wp-container-core-columns-is-layout-9d6595d7 wp-block-columns-is-layout-flex\">\n<div class=\"wp-block-column is-layout-flow wp-block-column-is-layout-flow\">\n<figure class=\"wp-block-image aligncenter size-full\"><img loading=\"lazy\" decoding=\"async\" width=\"1087\" height=\"840\" src=\"http:\/\/eonjmww.cluster100.hosting.ovh.net\/wp-content\/uploads\/2022\/09\/OiseauxCroquis.jpg\" alt=\"\" class=\"wp-image-1688\" srcset=\"https:\/\/charlescarrere.art\/wp-content\/uploads\/2022\/09\/OiseauxCroquis.jpg 1087w, https:\/\/charlescarrere.art\/wp-content\/uploads\/2022\/09\/OiseauxCroquis-647x500.jpg 647w, https:\/\/charlescarrere.art\/wp-content\/uploads\/2022\/09\/OiseauxCroquis-194x150.jpg 194w, https:\/\/charlescarrere.art\/wp-content\/uploads\/2022\/09\/OiseauxCroquis-768x593.jpg 768w, https:\/\/charlescarrere.art\/wp-content\/uploads\/2022\/09\/OiseauxCroquis-705x545.jpg 705w\" sizes=\"auto, (max-width: 1087px) 100vw, 1087px\" \/><figcaption>Birds from life \u00a9CharlesCarr\u00e8re<\/figcaption><\/figure>\n<\/div>\n\n\n\n<div class=\"wp-block-column is-layout-flow wp-block-column-is-layout-flow\">\n<figure class=\"wp-block-image aligncenter size-full\"><img loading=\"lazy\" decoding=\"async\" width=\"1071\" height=\"830\" src=\"http:\/\/eonjmww.cluster100.hosting.ovh.net\/wp-content\/uploads\/2022\/09\/LesTristes-Desservants-du-Temple-de-la-Routine.jpg\" alt=\"\" class=\"wp-image-1693\" srcset=\"https:\/\/charlescarrere.art\/wp-content\/uploads\/2022\/09\/LesTristes-Desservants-du-Temple-de-la-Routine.jpg 1071w, https:\/\/charlescarrere.art\/wp-content\/uploads\/2022\/09\/LesTristes-Desservants-du-Temple-de-la-Routine-645x500.jpg 645w, https:\/\/charlescarrere.art\/wp-content\/uploads\/2022\/09\/LesTristes-Desservants-du-Temple-de-la-Routine-194x150.jpg 194w, https:\/\/charlescarrere.art\/wp-content\/uploads\/2022\/09\/LesTristes-Desservants-du-Temple-de-la-Routine-768x595.jpg 768w, https:\/\/charlescarrere.art\/wp-content\/uploads\/2022\/09\/LesTristes-Desservants-du-Temple-de-la-Routine-705x546.jpg 705w\" sizes=\"auto, (max-width: 1071px) 100vw, 1071px\" \/><figcaption>&#8220;The sad servants of the temple of routine&#8221; \u00a9CharlesCarr\u00e8re<\/figcaption><\/figure>\n<\/div>\n<\/div>\n\n\n\n<p class=\"has-medium-font-size\">Charles Carr\u00e8re also likes to draw by mixing charcoal and red chalk for the rendering of models and volumes. Here in the drawing below: &#8220;The perfidious adviser&#8221; he has mixed charcoal with red chalk. He also used black stone to obtain a more intense black and white to adjust the values.<\/p>\n\n\n\n<figure class=\"wp-block-image aligncenter size-full is-resized\"><img loading=\"lazy\" decoding=\"async\" src=\"http:\/\/eonjmww.cluster100.hosting.ovh.net\/wp-content\/uploads\/2022\/09\/ConseillerPerfideSanguine.jpg\" alt=\"\" class=\"wp-image-1696\" width=\"540\" height=\"810\" srcset=\"https:\/\/charlescarrere.art\/wp-content\/uploads\/2022\/09\/ConseillerPerfideSanguine.jpg 720w, https:\/\/charlescarrere.art\/wp-content\/uploads\/2022\/09\/ConseillerPerfideSanguine-333x500.jpg 333w, https:\/\/charlescarrere.art\/wp-content\/uploads\/2022\/09\/ConseillerPerfideSanguine-100x150.jpg 100w, https:\/\/charlescarrere.art\/wp-content\/uploads\/2022\/09\/ConseillerPerfideSanguine-470x705.jpg 470w\" sizes=\"auto, (max-width: 540px) 100vw, 540px\" \/><figcaption>&#8220;The perfidious advisor&#8221; \u00a9CharlesCarr\u00e8re<\/figcaption><\/figure>\n\n\n\n<p class=\"has-text-align-left has-medium-font-size\">Charles Carr\u00e8re uses black ink for his pen-and-ink drawings. The work is precise down to the last detail. Below left, &#8220;The child and mathematics&#8221;. Charles Carr\u00e8re depicted what mathematics classes provoked in his brain. He laughed and said that he was not at all receptive to mathematics. And on the right is &#8220;La sainte ampoule&#8221;. In these two works, Charles Carr\u00e8re plays with the style inspired by Op Art or Optical Art used in the 1920s by the Bauhaus artists, including Kandinsky and later propelled by Vasarely.<\/p>\n\n\n\n<div class=\"wp-block-columns is-layout-flex wp-container-core-columns-is-layout-9d6595d7 wp-block-columns-is-layout-flex\">\n<div class=\"wp-block-column is-vertically-aligned-center is-layout-flow wp-block-column-is-layout-flow\">\n<figure class=\"wp-block-image aligncenter size-full is-resized\"><img loading=\"lazy\" decoding=\"async\" src=\"http:\/\/eonjmww.cluster100.hosting.ovh.net\/wp-content\/uploads\/2022\/09\/EnfantMaths-Site-Web.jpg\" alt=\"\" class=\"wp-image-1702\" width=\"375\" height=\"490\" srcset=\"https:\/\/charlescarrere.art\/wp-content\/uploads\/2022\/09\/EnfantMaths-Site-Web.jpg 964w, https:\/\/charlescarrere.art\/wp-content\/uploads\/2022\/09\/EnfantMaths-Site-Web-383x500.jpg 383w, https:\/\/charlescarrere.art\/wp-content\/uploads\/2022\/09\/EnfantMaths-Site-Web-115x150.jpg 115w, https:\/\/charlescarrere.art\/wp-content\/uploads\/2022\/09\/EnfantMaths-Site-Web-768x1004.jpg 768w, https:\/\/charlescarrere.art\/wp-content\/uploads\/2022\/09\/EnfantMaths-Site-Web-539x705.jpg 539w\" sizes=\"auto, (max-width: 375px) 100vw, 375px\" \/><figcaption>The child tortured by mathematics \u00a9CharlesCarr\u00e8re<\/figcaption><\/figure>\n<\/div>\n\n\n\n<div class=\"wp-block-column is-layout-flow wp-block-column-is-layout-flow\">\n<figure class=\"wp-block-image aligncenter size-full is-resized\"><img loading=\"lazy\" decoding=\"async\" src=\"http:\/\/eonjmww.cluster100.hosting.ovh.net\/wp-content\/uploads\/2022\/09\/LA-SAINTE-AMPOULE.jpg\" alt=\"\" class=\"wp-image-1703\" width=\"383\" height=\"489\" srcset=\"https:\/\/charlescarrere.art\/wp-content\/uploads\/2022\/09\/LA-SAINTE-AMPOULE.jpg 845w, https:\/\/charlescarrere.art\/wp-content\/uploads\/2022\/09\/LA-SAINTE-AMPOULE-391x500.jpg 391w, https:\/\/charlescarrere.art\/wp-content\/uploads\/2022\/09\/LA-SAINTE-AMPOULE-117x150.jpg 117w, https:\/\/charlescarrere.art\/wp-content\/uploads\/2022\/09\/LA-SAINTE-AMPOULE-768x982.jpg 768w, https:\/\/charlescarrere.art\/wp-content\/uploads\/2022\/09\/LA-SAINTE-AMPOULE-552x705.jpg 552w\" sizes=\"auto, (max-width: 383px) 100vw, 383px\" \/><figcaption>The holy ampoule \u00a9CharlesCarr\u00e8re<\/figcaption><\/figure>\n<\/div>\n<\/div>\n\n\n\n<p class=\"has-medium-font-size\">But Charles Carr\u00e8re goes further with other charcoal drawings that he defines as &#8220;Caprices&#8221;. These caprices serve to denounce or reveal the irrational behaviour of man. Sometimes it is also an excuse to project himself into the surrealism that the artist is particularly fond of. Here is an example of a caprice whose surrealism is obvious from Charles Carr\u00e8re&#8217;s explanation:<\/p>\n\n\n\n<figure class=\"wp-block-embed is-type-video is-provider-youtube wp-block-embed-youtube wp-embed-aspect-16-9 wp-has-aspect-ratio\"><div class=\"wp-block-embed__wrapper\">\n<div class='avia-iframe-wrap'><iframe loading=\"lazy\" title=\"&quot;La R\u00e9cr\u00e9ation au couvent&quot; un caprice de Charles Carr\u00e8re\" width=\"1500\" height=\"844\" src=\"https:\/\/www.youtube.com\/embed\/cBZ7CBU7r_k?feature=oembed\" frameborder=\"0\" allow=\"accelerometer; autoplay; clipboard-write; encrypted-media; gyroscope; picture-in-picture\" allowfullscreen><\/iframe><\/div>\n<\/div><\/figure>\n\n\n\n<p class=\"has-medium-font-size\">Focus will be published regularly to offer a more in-depth analysis of a work by Charles Carr\u00e8re<\/p>\n\n\n\n<p class=\"has-medium-font-size\">Continue to his paintings and watercolours<\/p>\n\n\n\n<p class=\"has-medium-font-size\">See the plastic research<\/p>\n\n\n\n<p class=\"has-medium-font-size\">Or back to the main page: <a href=\"http:\/\/eonjmww.cluster100.hosting.ovh.net\/en\/the-multifaceted-artist\/\" data-type=\"page\" data-id=\"2881\"><strong>The multi-faceted artist<\/strong><\/a><\/p>\n\n\n\n<p class=\"has-medium-font-size\">Back to <strong><a href=\"http:\/\/eonjmww.cluster100.hosting.ovh.net\/en\/welcome\/\" data-type=\"page\" data-id=\"2703\">Home page<\/a><\/strong><\/p>\n","protected":false},"excerpt":{"rendered":"<p>Charles Carr\u00e8re has always been keen to pay tribute to his drawing teacher Louis-Fr\u00e9d\u00e9ric Dupuis from the Bayonne school of drawing and painting. Charles Carr\u00e8re draws every day. His favourite technique is charcoal. But he also does a large number of ink drawings with a pen. Charles Carr\u00e8re says that everything can be drawn, life, [&hellip;]<\/p>\n","protected":false},"author":1,"featured_media":0,"parent":2881,"menu_order":1,"comment_status":"closed","ping_status":"closed","template":"","meta":{"footnotes":""},"class_list":["post-2872","page","type-page","status-publish","hentry"],"_links":{"self":[{"href":"https:\/\/charlescarrere.art\/en\/wp-json\/wp\/v2\/pages\/2872","targetHints":{"allow":["GET"]}}],"collection":[{"href":"https:\/\/charlescarrere.art\/en\/wp-json\/wp\/v2\/pages"}],"about":[{"href":"https:\/\/charlescarrere.art\/en\/wp-json\/wp\/v2\/types\/page"}],"author":[{"embeddable":true,"href":"https:\/\/charlescarrere.art\/en\/wp-json\/wp\/v2\/users\/1"}],"replies":[{"embeddable":true,"href":"https:\/\/charlescarrere.art\/en\/wp-json\/wp\/v2\/comments?post=2872"}],"version-history":[{"count":10,"href":"https:\/\/charlescarrere.art\/en\/wp-json\/wp\/v2\/pages\/2872\/revisions"}],"predecessor-version":[{"id":2928,"href":"https:\/\/charlescarrere.art\/en\/wp-json\/wp\/v2\/pages\/2872\/revisions\/2928"}],"up":[{"embeddable":true,"href":"https:\/\/charlescarrere.art\/en\/wp-json\/wp\/v2\/pages\/2881"}],"wp:attachment":[{"href":"https:\/\/charlescarrere.art\/en\/wp-json\/wp\/v2\/media?parent=2872"}],"curies":[{"name":"wp","href":"https:\/\/api.w.org\/{rel}","templated":true}]}}