{"id":2781,"date":"2022-07-18T17:19:48","date_gmt":"2022-07-18T15:19:48","guid":{"rendered":"https:\/\/charlescarrere.art\/charles-carrere-le-mosaiste\/son-oeuvre-religieuse-2\/"},"modified":"2023-05-01T11:38:31","modified_gmt":"2023-05-01T09:38:31","slug":"his-religious-works","status":"publish","type":"page","link":"https:\/\/charlescarrere.art\/en\/charles-carrere-the-mosaicist\/his-religious-works\/","title":{"rendered":"His religious works"},"content":{"rendered":"<p>[layerslider id=&#8221;27&#8243;]<\/p>\n\n\n\n<div style=\"height:29px\" aria-hidden=\"true\" class=\"wp-block-spacer\"><\/div>\n\n\n\n<p class=\"has-large-font-size\" style=\"line-height:1.4\">The religious work of the mosaicist Charles Carr\u00e8re can be found both on the facades of churches and inside them.<\/p>\n\n\n\n<p class=\"has-large-font-size\" style=\"line-height:1.4\">In Anglet, there are two mosaics by Charles Carr\u00e8re on the fa\u00e7ade of the Sainte Trinit\u00e9 church<\/p>\n\n\n\n<p class=\"has-large-font-size\" style=\"line-height:1.4\">The first is the name of the church which the mosaicist has integrated into a triangle. The symbolism is obvious: the triangle rests on its base, alluding to stability, and the point symbolises elevation.<br><\/p>\n\n\n\n<figure class=\"wp-block-image aligncenter size-full is-resized\"><img loading=\"lazy\" decoding=\"async\" src=\"http:\/\/eonjmww.cluster100.hosting.ovh.net\/wp-content\/uploads\/2022\/08\/Carrere-nom-eglise-trinite-Anglet.jpg\" alt=\"\" class=\"wp-image-1267\" width=\"387\" height=\"353\" srcset=\"https:\/\/charlescarrere.art\/wp-content\/uploads\/2022\/08\/Carrere-nom-eglise-trinite-Anglet.jpg 1080w, https:\/\/charlescarrere.art\/wp-content\/uploads\/2022\/08\/Carrere-nom-eglise-trinite-Anglet-547x500.jpg 547w, https:\/\/charlescarrere.art\/wp-content\/uploads\/2022\/08\/Carrere-nom-eglise-trinite-Anglet-164x150.jpg 164w, https:\/\/charlescarrere.art\/wp-content\/uploads\/2022\/08\/Carrere-nom-eglise-trinite-Anglet-768x703.jpg 768w, https:\/\/charlescarrere.art\/wp-content\/uploads\/2022\/08\/Carrere-nom-eglise-trinite-Anglet-705x645.jpg 705w\" sizes=\"auto, (max-width: 387px) 100vw, 387px\" \/><figcaption class=\"wp-element-caption\">Photo@JanieC<\/figcaption><\/figure>\n\n\n\n<p class=\"has-large-font-size\" style=\"line-height:1.4\">The second is a very colourful compass rose with the Greek letters Phi, Omega and Sigma in the centre, which form the word Phos meaning light. This can be said to refer to the Genesis &#8220;Let there be light&#8221;. The compass rose displays its four directions which indicate the prevailing winds. This is the order of the world. For Ezekiel, he sees in his vision four letters, those of the name of God. For Christians, the four arms of the cross are represented. An article will soon be devoted to these two strong symbols in a Focus<\/p>\n\n\n\n<div style=\"height:19px\" aria-hidden=\"true\" class=\"wp-block-spacer\"><\/div>\n\n\n\n<figure class=\"wp-block-image aligncenter size-full is-resized\"><img loading=\"lazy\" decoding=\"async\" src=\"http:\/\/eonjmww.cluster100.hosting.ovh.net\/wp-content\/uploads\/2022\/08\/Carrere-ANGLET-ROSE-VENTS-avec-toit.jpg\" alt=\"\" class=\"wp-image-1268\" width=\"458\" height=\"583\" srcset=\"https:\/\/charlescarrere.art\/wp-content\/uploads\/2022\/08\/Carrere-ANGLET-ROSE-VENTS-avec-toit.jpg 917w, https:\/\/charlescarrere.art\/wp-content\/uploads\/2022\/08\/Carrere-ANGLET-ROSE-VENTS-avec-toit-392x500.jpg 392w, https:\/\/charlescarrere.art\/wp-content\/uploads\/2022\/08\/Carrere-ANGLET-ROSE-VENTS-avec-toit-118x150.jpg 118w, https:\/\/charlescarrere.art\/wp-content\/uploads\/2022\/08\/Carrere-ANGLET-ROSE-VENTS-avec-toit-768x980.jpg 768w, https:\/\/charlescarrere.art\/wp-content\/uploads\/2022\/08\/Carrere-ANGLET-ROSE-VENTS-avec-toit-553x705.jpg 553w\" sizes=\"auto, (max-width: 458px) 100vw, 458px\" \/><figcaption class=\"wp-element-caption\">Photo@JanieC<\/figcaption><\/figure>\n\n\n\n<p><\/p>\n\n\n\n<p class=\"has-large-font-size\" style=\"line-height:1.4\">In Olhette, in the Garico\u00efts chapel, Charles Carr\u00e8re made a Way of the Cross that was completely integrated into the plaster of the wall.<\/p>\n\n\n\n<div style=\"height:9px\" aria-hidden=\"true\" class=\"wp-block-spacer\"><\/div>\n\n\n\n<figure class=\"wp-block-image aligncenter size-medium\"><img loading=\"lazy\" decoding=\"async\" width=\"667\" height=\"500\" src=\"http:\/\/eonjmww.cluster100.hosting.ovh.net\/wp-content\/uploads\/2022\/08\/Chapelle-Olhette-St-MichelGaricoitz-667x500.jpg\" alt=\"\" class=\"wp-image-1066\" srcset=\"https:\/\/charlescarrere.art\/wp-content\/uploads\/2022\/08\/Chapelle-Olhette-St-MichelGaricoitz-667x500.jpg 667w, https:\/\/charlescarrere.art\/wp-content\/uploads\/2022\/08\/Chapelle-Olhette-St-MichelGaricoitz-768x576.jpg 768w, https:\/\/charlescarrere.art\/wp-content\/uploads\/2022\/08\/Chapelle-Olhette-St-MichelGaricoitz-1536x1152.jpg 1536w, https:\/\/charlescarrere.art\/wp-content\/uploads\/2022\/08\/Chapelle-Olhette-St-MichelGaricoitz-1500x1125.jpg 1500w, https:\/\/charlescarrere.art\/wp-content\/uploads\/2022\/08\/Chapelle-Olhette-St-MichelGaricoitz-705x529.jpg 705w, https:\/\/charlescarrere.art\/wp-content\/uploads\/2022\/08\/Chapelle-Olhette-St-MichelGaricoitz.jpg 1752w\" sizes=\"auto, (max-width: 667px) 100vw, 667px\" \/><figcaption class=\"wp-element-caption\">The chapel of Saint Michel Garico\u00eftz in Olhette<br>Photo@JanieC <\/figcaption><\/figure>\n\n\n\n<div style=\"height:24px\" aria-hidden=\"true\" class=\"wp-block-spacer\"><\/div>\n\n\n\n<div class=\"wp-block-media-text alignwide has-media-on-the-right is-stacked-on-mobile\"><div class=\"wp-block-media-text__content\">\n<p class=\"has-large-font-size\" style=\"line-height:1.4\">Charles Carr\u00e8re began working as a glassmaker in this chapel in Olhette. The stained glass windows that adorn the chapel are by Jean Lesquibe. Charles Carr\u00e8re contributed to their creation and installation. Later, when he was self-employed, Charles Carr\u00e8re returned to this chapel to create a mosaic Way of the Cross. Photo\u00a9JanieC<\/p>\n<\/div><figure class=\"wp-block-media-text__media\"><img loading=\"lazy\" decoding=\"async\" width=\"1866\" height=\"1400\" src=\"http:\/\/eonjmww.cluster100.hosting.ovh.net\/wp-content\/uploads\/2022\/08\/Vue-Chemin-croix-Chapelle-Olhette-1866x1400.jpg\" alt=\"\" class=\"wp-image-1068 size-full\" srcset=\"https:\/\/charlescarrere.art\/wp-content\/uploads\/2022\/08\/Vue-Chemin-croix-Chapelle-Olhette-1866x1400.jpg 1866w, https:\/\/charlescarrere.art\/wp-content\/uploads\/2022\/08\/Vue-Chemin-croix-Chapelle-Olhette-666x500.jpg 666w, https:\/\/charlescarrere.art\/wp-content\/uploads\/2022\/08\/Vue-Chemin-croix-Chapelle-Olhette-768x576.jpg 768w, https:\/\/charlescarrere.art\/wp-content\/uploads\/2022\/08\/Vue-Chemin-croix-Chapelle-Olhette-1536x1152.jpg 1536w, https:\/\/charlescarrere.art\/wp-content\/uploads\/2022\/08\/Vue-Chemin-croix-Chapelle-Olhette-1500x1125.jpg 1500w, https:\/\/charlescarrere.art\/wp-content\/uploads\/2022\/08\/Vue-Chemin-croix-Chapelle-Olhette-705x529.jpg 705w, https:\/\/charlescarrere.art\/wp-content\/uploads\/2022\/08\/Vue-Chemin-croix-Chapelle-Olhette.jpg 1930w\" sizes=\"auto, (max-width: 1866px) 100vw, 1866px\" \/><\/figure><\/div>\n\n\n\n<div style=\"height:32px\" aria-hidden=\"true\" class=\"wp-block-spacer\"><\/div>\n\n\n\n<div style=\"height:28px\" aria-hidden=\"true\" class=\"wp-block-spacer\"><\/div>\n\n\n\n<p class=\"has-large-font-size\" style=\"line-height:1.4\">The Way of the Cross in this chapel has 14 stations. Charles Carr\u00e8re&#8217;s method for making the Stations of the Cross was to mix cement, sand and lime in a form outside the wall. He then sinks the tesserae (pieces of mosaic) directly into the mixture. For each station he digs a small alcove in the wall plaster. Then, before the mosaic mixture has hardened, he places the mosaic form in the recess and plasters the wall around the form. Later when everything is dry the wall will be repainted. A more complete article will be produced in a Focus.<\/p>\n\n\n\n<div class=\"wp-block-columns is-layout-flex wp-container-core-columns-is-layout-9d6595d7 wp-block-columns-is-layout-flex\">\n<div class=\"wp-block-column is-layout-flow wp-block-column-is-layout-flow\">\n<figure class=\"wp-block-image aligncenter size-full\"><img loading=\"lazy\" decoding=\"async\" width=\"1080\" height=\"766\" src=\"http:\/\/eonjmww.cluster100.hosting.ovh.net\/wp-content\/uploads\/2022\/08\/12-Olhette-Chemin-Croix1.jpg\" alt=\"\" class=\"wp-image-1276\" srcset=\"https:\/\/charlescarrere.art\/wp-content\/uploads\/2022\/08\/12-Olhette-Chemin-Croix1.jpg 1080w, https:\/\/charlescarrere.art\/wp-content\/uploads\/2022\/08\/12-Olhette-Chemin-Croix1-700x496.jpg 700w, https:\/\/charlescarrere.art\/wp-content\/uploads\/2022\/08\/12-Olhette-Chemin-Croix1-211x150.jpg 211w, https:\/\/charlescarrere.art\/wp-content\/uploads\/2022\/08\/12-Olhette-Chemin-Croix1-768x545.jpg 768w, https:\/\/charlescarrere.art\/wp-content\/uploads\/2022\/08\/12-Olhette-Chemin-Croix1-260x185.jpg 260w, https:\/\/charlescarrere.art\/wp-content\/uploads\/2022\/08\/12-Olhette-Chemin-Croix1-705x500.jpg 705w\" sizes=\"auto, (max-width: 1080px) 100vw, 1080px\" \/><figcaption class=\"wp-element-caption\">Photo\u00a9JanieC<\/figcaption><\/figure>\n<\/div>\n\n\n\n<div class=\"wp-block-column is-layout-flow wp-block-column-is-layout-flow\">\n<figure class=\"wp-block-image aligncenter size-full\"><img loading=\"lazy\" decoding=\"async\" width=\"1080\" height=\"791\" src=\"http:\/\/eonjmww.cluster100.hosting.ovh.net\/wp-content\/uploads\/2022\/08\/Carrere-Olhette-CheminCroix3.jpg\" alt=\"\" class=\"wp-image-1281\" srcset=\"https:\/\/charlescarrere.art\/wp-content\/uploads\/2022\/08\/Carrere-Olhette-CheminCroix3.jpg 1080w, https:\/\/charlescarrere.art\/wp-content\/uploads\/2022\/08\/Carrere-Olhette-CheminCroix3-683x500.jpg 683w, https:\/\/charlescarrere.art\/wp-content\/uploads\/2022\/08\/Carrere-Olhette-CheminCroix3-205x150.jpg 205w, https:\/\/charlescarrere.art\/wp-content\/uploads\/2022\/08\/Carrere-Olhette-CheminCroix3-768x562.jpg 768w, https:\/\/charlescarrere.art\/wp-content\/uploads\/2022\/08\/Carrere-Olhette-CheminCroix3-705x516.jpg 705w\" sizes=\"auto, (max-width: 1080px) 100vw, 1080px\" \/><figcaption class=\"wp-element-caption\">Photo\u00a9JanieC<\/figcaption><\/figure>\n<\/div>\n\n\n\n<div class=\"wp-block-column is-layout-flow wp-block-column-is-layout-flow\">\n<figure class=\"wp-block-image aligncenter size-full\"><img loading=\"lazy\" decoding=\"async\" width=\"1080\" height=\"845\" src=\"http:\/\/eonjmww.cluster100.hosting.ovh.net\/wp-content\/uploads\/2022\/08\/Carrere-Olhette-CheminCroix5.jpg\" alt=\"\" class=\"wp-image-1282\" srcset=\"https:\/\/charlescarrere.art\/wp-content\/uploads\/2022\/08\/Carrere-Olhette-CheminCroix5.jpg 1080w, https:\/\/charlescarrere.art\/wp-content\/uploads\/2022\/08\/Carrere-Olhette-CheminCroix5-639x500.jpg 639w, https:\/\/charlescarrere.art\/wp-content\/uploads\/2022\/08\/Carrere-Olhette-CheminCroix5-192x150.jpg 192w, https:\/\/charlescarrere.art\/wp-content\/uploads\/2022\/08\/Carrere-Olhette-CheminCroix5-768x601.jpg 768w, https:\/\/charlescarrere.art\/wp-content\/uploads\/2022\/08\/Carrere-Olhette-CheminCroix5-705x552.jpg 705w\" sizes=\"auto, (max-width: 1080px) 100vw, 1080px\" \/><figcaption class=\"wp-element-caption\">Photo\u00a9JanieC<\/figcaption><\/figure>\n<\/div>\n<\/div>\n\n\n\n<p class=\"has-large-font-size\" style=\"line-height:1.4\">Return <a href=\"http:\/\/eonjmww.cluster100.hosting.ovh.net\/en\/charles-carrere-le-mosaiste\/\" data-type=\"page\" data-id=\"2764\"><strong>to the mosaicist&#8217;s main page<\/strong><\/a><\/p>\n\n\n\n<p class=\"has-large-font-size\" style=\"line-height:1.4\">Or back to the <a href=\"http:\/\/eonjmww.cluster100.hosting.ovh.net\/en\/autre-version-accueil\/\" data-type=\"page\" data-id=\"2703\"><strong>homepage<\/strong><\/a><\/p>\n","protected":false},"excerpt":{"rendered":"<p>The religious work of the mosaicist Charles Carr\u00e8re can be found both on the facades of churches and inside them. In Anglet, there are two mosaics by Charles Carr\u00e8re on the fa\u00e7ade of the Sainte Trinit\u00e9 church The first is the name of the church which the mosaicist has integrated into a triangle. The symbolism [&hellip;]<\/p>\n","protected":false},"author":1,"featured_media":0,"parent":2764,"menu_order":2,"comment_status":"closed","ping_status":"closed","template":"","meta":{"footnotes":""},"class_list":["post-2781","page","type-page","status-publish","hentry"],"_links":{"self":[{"href":"https:\/\/charlescarrere.art\/en\/wp-json\/wp\/v2\/pages\/2781","targetHints":{"allow":["GET"]}}],"collection":[{"href":"https:\/\/charlescarrere.art\/en\/wp-json\/wp\/v2\/pages"}],"about":[{"href":"https:\/\/charlescarrere.art\/en\/wp-json\/wp\/v2\/types\/page"}],"author":[{"embeddable":true,"href":"https:\/\/charlescarrere.art\/en\/wp-json\/wp\/v2\/users\/1"}],"replies":[{"embeddable":true,"href":"https:\/\/charlescarrere.art\/en\/wp-json\/wp\/v2\/comments?post=2781"}],"version-history":[{"count":11,"href":"https:\/\/charlescarrere.art\/en\/wp-json\/wp\/v2\/pages\/2781\/revisions"}],"predecessor-version":[{"id":3829,"href":"https:\/\/charlescarrere.art\/en\/wp-json\/wp\/v2\/pages\/2781\/revisions\/3829"}],"up":[{"embeddable":true,"href":"https:\/\/charlescarrere.art\/en\/wp-json\/wp\/v2\/pages\/2764"}],"wp:attachment":[{"href":"https:\/\/charlescarrere.art\/en\/wp-json\/wp\/v2\/media?parent=2781"}],"curies":[{"name":"wp","href":"https:\/\/api.w.org\/{rel}","templated":true}]}}