{"id":2772,"date":"2022-07-18T17:19:10","date_gmt":"2022-07-18T15:19:10","guid":{"rendered":"https:\/\/charlescarrere.art\/charles-carrere-le-mosaiste\/charles-carrere-le-mosaiste-son-oeuvre-profane-2\/"},"modified":"2023-05-01T11:45:21","modified_gmt":"2023-05-01T09:45:21","slug":"his-secular-works","status":"publish","type":"page","link":"https:\/\/charlescarrere.art\/en\/charles-carrere-the-mosaicist\/his-secular-works\/","title":{"rendered":"His secular works"},"content":{"rendered":"<p>[layerslider id=&#8221;28&#8243;]<\/p>\n\n\n\n<p><\/p>\n\n\n\n<p><\/p>\n\n\n\n<p class=\"has-large-font-size\" style=\"line-height:1.4\">The secular works of mosaic artist Charles Carr\u00e8re is rather discreet. The orders generally come from acquaintances who have built a house and wish to put his name on the fa\u00e7ade. Often the mosaic is integrated into the plaster of the wall.<\/p>\n\n\n\n<p class=\"has-large-font-size\" style=\"line-height:1.4\"><br>In other cases the mosaic is a decorative element for the wall, as here on the fa\u00e7ade of a building. It is held in place by hooks. It is said to be stapled.<br><\/p>\n\n\n\n<figure class=\"wp-block-image aligncenter size-full is-resized\"><img loading=\"lazy\" decoding=\"async\" src=\"http:\/\/eonjmww.cluster100.hosting.ovh.net\/wp-content\/uploads\/2022\/08\/Oiseau-mosaique-Carrere.jpg\" alt=\"\" class=\"wp-image-1255\" width=\"440\" height=\"362\" srcset=\"https:\/\/charlescarrere.art\/wp-content\/uploads\/2022\/08\/Oiseau-mosaique-Carrere.jpg 615w, https:\/\/charlescarrere.art\/wp-content\/uploads\/2022\/08\/Oiseau-mosaique-Carrere-608x500.jpg 608w, https:\/\/charlescarrere.art\/wp-content\/uploads\/2022\/08\/Oiseau-mosaique-Carrere-182x150.jpg 182w\" sizes=\"auto, (max-width: 440px) 100vw, 440px\" \/><figcaption class=\"wp-element-caption\">Photo\u00a9JanieC<\/figcaption><\/figure>\n\n\n\n<p class=\"has-large-font-size\" style=\"line-height:1.4\"><br><br>Inside houses, mosaics decorate the fireplace or the kitchen. But there are also some works that are displayed on the wall as decoration. Like the work below, whose title is a word-value: Safarhinoceros.<\/p>\n\n\n\n<p class=\"has-large-font-size\" style=\"line-height:1.4\">Charles Carr\u00e8re likes to apply these mental gymnastics to some of his works. In the 16th century, Rabelais was already creating &#8220;mots valises&#8221; such as &#8220;hypocritique&#8221;. Later, Madame de S\u00e9vign\u00e9 proposed &#8220;bavardiner&#8221;, to cite just a few examples. And throughout his life Charles Carr\u00e8re regularly used these catchwords to define some of his works.<\/p>\n\n\n\n<div style=\"height:14px\" aria-hidden=\"true\" class=\"wp-block-spacer\"><\/div>\n\n\n\n<figure class=\"wp-block-image aligncenter size-full\"><img loading=\"lazy\" decoding=\"async\" width=\"1920\" height=\"816\" src=\"http:\/\/eonjmww.cluster100.hosting.ovh.net\/wp-content\/uploads\/2022\/08\/Safarhinoceros-DEF.jpg\" alt=\"\" class=\"wp-image-1031\" srcset=\"https:\/\/charlescarrere.art\/wp-content\/uploads\/2022\/08\/Safarhinoceros-DEF.jpg 1920w, https:\/\/charlescarrere.art\/wp-content\/uploads\/2022\/08\/Safarhinoceros-DEF-700x298.jpg 700w, https:\/\/charlescarrere.art\/wp-content\/uploads\/2022\/08\/Safarhinoceros-DEF-768x326.jpg 768w, https:\/\/charlescarrere.art\/wp-content\/uploads\/2022\/08\/Safarhinoceros-DEF-1536x653.jpg 1536w, https:\/\/charlescarrere.art\/wp-content\/uploads\/2022\/08\/Safarhinoceros-DEF-1500x638.jpg 1500w, https:\/\/charlescarrere.art\/wp-content\/uploads\/2022\/08\/Safarhinoceros-DEF-705x300.jpg 705w\" sizes=\"auto, (max-width: 1920px) 100vw, 1920px\" \/><figcaption class=\"wp-element-caption\">Photo@JanieC<\/figcaption><\/figure>\n\n\n\n<div style=\"height:21px\" aria-hidden=\"true\" class=\"wp-block-spacer\"><\/div>\n\n\n\n<div class=\"wp-block-media-text is-stacked-on-mobile\" style=\"grid-template-columns:30% auto\"><figure class=\"wp-block-media-text__media\"><img loading=\"lazy\" decoding=\"async\" width=\"740\" height=\"952\" src=\"http:\/\/eonjmww.cluster100.hosting.ovh.net\/wp-content\/uploads\/2022\/08\/Capture-de\u0301cran-2022-08-02-a\u0300-09.51.48.png\" alt=\"\" class=\"wp-image-1025 size-full\" srcset=\"https:\/\/charlescarrere.art\/wp-content\/uploads\/2022\/08\/Capture-de\u0301cran-2022-08-02-a\u0300-09.51.48.png 740w, https:\/\/charlescarrere.art\/wp-content\/uploads\/2022\/08\/Capture-de\u0301cran-2022-08-02-a\u0300-09.51.48-389x500.png 389w, https:\/\/charlescarrere.art\/wp-content\/uploads\/2022\/08\/Capture-de\u0301cran-2022-08-02-a\u0300-09.51.48-548x705.png 548w\" sizes=\"auto, (max-width: 740px) 100vw, 740px\" \/><\/figure><div class=\"wp-block-media-text__content\">\n<p class=\"has-large-font-size\" style=\"line-height:1.4\">A little anecdote about this mosaic work: One day, Charles Carr\u00e8re&#8217;s nephew placed an order with his uncle. He asked him for a mosaic representing a bird or a tree. Some time later, Charles Carr\u00e8re appeared in front of his nephew and said with a small, restrained smile: &#8220;Here&#8217;s your bird&#8221;! His nephew was astonished but immediately noticed that this car was inspired by the Peugeot 201 that Charles Carr\u00e8re&#8217;s brother had bought in the 1950s. <\/p>\n<\/div><\/div>\n\n\n\n<div style=\"height:23px\" aria-hidden=\"true\" class=\"wp-block-spacer\"><\/div>\n\n\n\n<p class=\"has-large-font-size\" style=\"line-height:1.4\">Then he remembered this photograph where Charles Carr\u00e8re is posing very seriously next to the Peugeot 201 with the bell of a phonograph sticking out of the open door. And Charles Carr\u00e8re poses under the eye of the lens to immortalise this humorous feature: look, there&#8217;s even music in the car!<\/p>\n\n\n\n<figure class=\"wp-block-image aligncenter size-full is-resized\"><img loading=\"lazy\" decoding=\"async\" src=\"http:\/\/eonjmww.cluster100.hosting.ovh.net\/wp-content\/uploads\/2022\/08\/Ch-Carre\u0300re-avec-Peugeot-201.jpg\" alt=\"\" class=\"wp-image-1256\" width=\"782\" height=\"520\" srcset=\"https:\/\/charlescarrere.art\/wp-content\/uploads\/2022\/08\/Ch-Carre\u0300re-avec-Peugeot-201.jpg 1080w, https:\/\/charlescarrere.art\/wp-content\/uploads\/2022\/08\/Ch-Carre\u0300re-avec-Peugeot-201-225x150.jpg 225w, https:\/\/charlescarrere.art\/wp-content\/uploads\/2022\/08\/Ch-Carre\u0300re-avec-Peugeot-201-768x512.jpg 768w, https:\/\/charlescarrere.art\/wp-content\/uploads\/2022\/08\/Ch-Carre\u0300re-avec-Peugeot-201-705x470.jpg 705w\" sizes=\"auto, (max-width: 782px) 100vw, 782px\" \/><figcaption class=\"wp-element-caption\">Charles Carr\u00e8re poses with the Peugeot 201 in 1954. His brother is at the wheel.<br>Photo\u00a9CharlesCarr\u00e8re<\/figcaption><\/figure>\n\n\n\n<p class=\"has-large-font-size\" style=\"line-height:1.4\">Discovering his religious works<\/p>\n\n\n\n<p class=\"has-large-font-size\" style=\"line-height:1.4\">Or return to <a href=\"http:\/\/eonjmww.cluster100.hosting.ovh.net\/en\/charles-carrere-le-mosaiste\/\" data-type=\"page\" data-id=\"2764\"><strong>the mosaicist&#8217;s main page<\/strong><\/a><\/p>\n\n\n\n<p class=\"has-large-font-size\" style=\"line-height:1.4\">Or return to <a href=\"http:\/\/eonjmww.cluster100.hosting.ovh.net\/en\/autre-version-accueil\/\" data-type=\"page\" data-id=\"2703\"><strong>the home page<\/strong><\/a><\/p>\n","protected":false},"excerpt":{"rendered":"<p>The secular works of mosaic artist Charles Carr\u00e8re is rather discreet. The orders generally come from acquaintances who have built a house and wish to put his name on the fa\u00e7ade. Often the mosaic is integrated into the plaster of the wall. In other cases the mosaic is a decorative element for the wall, as [&hellip;]<\/p>\n","protected":false},"author":1,"featured_media":0,"parent":2764,"menu_order":1,"comment_status":"closed","ping_status":"closed","template":"","meta":{"footnotes":""},"class_list":["post-2772","page","type-page","status-publish","hentry"],"_links":{"self":[{"href":"https:\/\/charlescarrere.art\/en\/wp-json\/wp\/v2\/pages\/2772","targetHints":{"allow":["GET"]}}],"collection":[{"href":"https:\/\/charlescarrere.art\/en\/wp-json\/wp\/v2\/pages"}],"about":[{"href":"https:\/\/charlescarrere.art\/en\/wp-json\/wp\/v2\/types\/page"}],"author":[{"embeddable":true,"href":"https:\/\/charlescarrere.art\/en\/wp-json\/wp\/v2\/users\/1"}],"replies":[{"embeddable":true,"href":"https:\/\/charlescarrere.art\/en\/wp-json\/wp\/v2\/comments?post=2772"}],"version-history":[{"count":10,"href":"https:\/\/charlescarrere.art\/en\/wp-json\/wp\/v2\/pages\/2772\/revisions"}],"predecessor-version":[{"id":3836,"href":"https:\/\/charlescarrere.art\/en\/wp-json\/wp\/v2\/pages\/2772\/revisions\/3836"}],"up":[{"embeddable":true,"href":"https:\/\/charlescarrere.art\/en\/wp-json\/wp\/v2\/pages\/2764"}],"wp:attachment":[{"href":"https:\/\/charlescarrere.art\/en\/wp-json\/wp\/v2\/media?parent=2772"}],"curies":[{"name":"wp","href":"https:\/\/api.w.org\/{rel}","templated":true}]}}