{"id":2589,"date":"2022-09-02T11:45:28","date_gmt":"2022-09-02T09:45:28","guid":{"rendered":"https:\/\/charlescarrere.art\/a-propos\/"},"modified":"2024-07-11T17:22:26","modified_gmt":"2024-07-11T15:22:26","slug":"about-and-why-this-website","status":"publish","type":"page","link":"https:\/\/charlescarrere.art\/en\/about-and-why-this-website\/","title":{"rendered":"About"},"content":{"rendered":"<p>[layerslider id=&#8221;24&#8243;]<\/p>\n\n\n\n<h2 class=\"wp-block-heading\">WHO IS IT ?<\/h2>\n\n\n\n<p class=\"has-large-font-size\" style=\"line-height:1.4\">Charles Carr\u00e8re is a master stained-glass artist, mosaicist and multi-faceted artist. He was born on 10 May 1927 in Bellite on the family farm in <a href=\"https:\/\/en.wikipedia.org\/wiki\/Anglet\"><strong>Angle<\/strong>t<\/a>, a French town in the Pyr\u00e9n\u00e9es Atlantiques region of Aquitaine. <a href=\"https:\/\/www.eke.eus\/en\/kultura\/basque-country\/northern-basque-country-or-iparralde\"><strong>In this department the cultural identity is within the Community of the North Basque Country called Ipparalde <\/strong><\/a>and its province is Labourd.<\/p>\n\n\n\n<p class=\"has-large-font-size\" style=\"line-height:1.4\">Charles Carr\u00e8re had two masters: for drawing Louis Fr\u00e9d\u00e9ric Dupuis at the Bayonne drawing school and for the art of stained glass and mosaics Jean Lesquibe, Master Glassmaker and Mosaicist in Anglet.<\/p>\n\n\n\n<figure class=\"wp-block-image aligncenter size-full is-resized\"><img loading=\"lazy\" decoding=\"async\" src=\"http:\/\/eonjmww.cluster100.hosting.ovh.net\/wp-content\/uploads\/2022\/09\/Ch-Carre\u0300re-Fenetre.jpg\" alt=\"\" class=\"wp-image-1504\" width=\"724\" height=\"669\" srcset=\"https:\/\/charlescarrere.art\/wp-content\/uploads\/2022\/09\/Ch-Carre\u0300re-Fenetre.jpg 1200w, https:\/\/charlescarrere.art\/wp-content\/uploads\/2022\/09\/Ch-Carre\u0300re-Fenetre-541x500.jpg 541w, https:\/\/charlescarrere.art\/wp-content\/uploads\/2022\/09\/Ch-Carre\u0300re-Fenetre-162x150.jpg 162w, https:\/\/charlescarrere.art\/wp-content\/uploads\/2022\/09\/Ch-Carre\u0300re-Fenetre-768x710.jpg 768w, https:\/\/charlescarrere.art\/wp-content\/uploads\/2022\/09\/Ch-Carre\u0300re-Fenetre-705x652.jpg 705w\" sizes=\"auto, (max-width: 724px) 100vw, 724px\" \/><figcaption class=\"wp-element-caption\">Charles Carr\u00e8re at Bellite \u00a9CharlesCarr\u00e8re<\/figcaption><\/figure>\n\n\n\n<p class=\"has-large-font-size\" style=\"line-height:1.4\">In 1977, after 30 years of work under the guidance of Jean Lesquibe, Charles Carr\u00e8re set up his own business in Bellite on his native Angloy farm. Orders were not long in coming. This is how the student who became a Master created numerous stained glass windows and mosaics for private homes, public places and also churches in the Basque Country, in the Landes, on the Reunion island and in Mali. But once his work day is over, Charles Carr\u00e8re goes upstairs to his artist&#8217;s studio. There, freed from the very restrictive standards of his profession, he can express himself without limits. He will produce many works, paintings, collages but also drawings called caprices. The caprice revealed him as a surrealist to the general public at the end of 2021 until April 2022 <a href=\"http:\/\/www.musee-basque.com\/expositions-programme-culturel\/expositions-temporaires-passees\/?actu=8841-les-caprices-de-charles-uvres-graphiques-de-charles-carrere\"><strong>during an exhibition &#8220;Les Caprices de Charles&#8221; at the Basque Museum and History of Bayonne<\/strong><\/a>.<\/p>\n\n\n\n<div style=\"height:15px\" aria-hidden=\"true\" class=\"wp-block-spacer\"><\/div>\n\n\n\n<div class=\"wp-block-columns is-layout-flex wp-container-core-columns-is-layout-9d6595d7 wp-block-columns-is-layout-flex\">\n<div class=\"wp-block-column is-layout-flow wp-block-column-is-layout-flow\">\n<figure class=\"wp-block-image aligncenter size-full\"><img loading=\"lazy\" decoding=\"async\" width=\"1256\" height=\"840\" src=\"http:\/\/eonjmww.cluster100.hosting.ovh.net\/wp-content\/uploads\/2022\/09\/Atelier-rez-coin-Verrier.jpg\" alt=\"\" class=\"wp-image-1497\" srcset=\"https:\/\/charlescarrere.art\/wp-content\/uploads\/2022\/09\/Atelier-rez-coin-Verrier.jpg 1256w, https:\/\/charlescarrere.art\/wp-content\/uploads\/2022\/09\/Atelier-rez-coin-Verrier-700x468.jpg 700w, https:\/\/charlescarrere.art\/wp-content\/uploads\/2022\/09\/Atelier-rez-coin-Verrier-224x150.jpg 224w, https:\/\/charlescarrere.art\/wp-content\/uploads\/2022\/09\/Atelier-rez-coin-Verrier-768x514.jpg 768w, https:\/\/charlescarrere.art\/wp-content\/uploads\/2022\/09\/Atelier-rez-coin-Verrier-705x471.jpg 705w\" sizes=\"auto, (max-width: 1256px) 100vw, 1256px\" \/><figcaption class=\"wp-element-caption\">The Master Glassmaker&#8217;s studio \u00a9CharlesCarr\u00e8re<\/figcaption><\/figure>\n<\/div>\n\n\n\n<div class=\"wp-block-column is-layout-flow wp-block-column-is-layout-flow\">\n<figure class=\"wp-block-image aligncenter size-full\"><img loading=\"lazy\" decoding=\"async\" width=\"1252\" height=\"844\" src=\"http:\/\/eonjmww.cluster100.hosting.ovh.net\/wp-content\/uploads\/2022\/09\/Atelier-rez-coin-mosaiste.jpg\" alt=\"\" class=\"wp-image-1498\" srcset=\"https:\/\/charlescarrere.art\/wp-content\/uploads\/2022\/09\/Atelier-rez-coin-mosaiste.jpg 1252w, https:\/\/charlescarrere.art\/wp-content\/uploads\/2022\/09\/Atelier-rez-coin-mosaiste-700x472.jpg 700w, https:\/\/charlescarrere.art\/wp-content\/uploads\/2022\/09\/Atelier-rez-coin-mosaiste-223x150.jpg 223w, https:\/\/charlescarrere.art\/wp-content\/uploads\/2022\/09\/Atelier-rez-coin-mosaiste-768x518.jpg 768w, https:\/\/charlescarrere.art\/wp-content\/uploads\/2022\/09\/Atelier-rez-coin-mosaiste-705x475.jpg 705w\" sizes=\"auto, (max-width: 1252px) 100vw, 1252px\" \/><figcaption class=\"wp-element-caption\">The Mosaicist&#8217;s Corner \u00a9CharlesCarr\u00e8re<\/figcaption><\/figure>\n<\/div>\n\n\n\n<div class=\"wp-block-column is-layout-flow wp-block-column-is-layout-flow\">\n<figure class=\"wp-block-image aligncenter size-full\"><img loading=\"lazy\" decoding=\"async\" width=\"1200\" height=\"800\" src=\"http:\/\/eonjmww.cluster100.hosting.ovh.net\/wp-content\/uploads\/2022\/09\/ATELIER-MUR-PORTRAITS.jpg\" alt=\"\" class=\"wp-image-1499\" srcset=\"https:\/\/charlescarrere.art\/wp-content\/uploads\/2022\/09\/ATELIER-MUR-PORTRAITS.jpg 1200w, https:\/\/charlescarrere.art\/wp-content\/uploads\/2022\/09\/ATELIER-MUR-PORTRAITS-700x467.jpg 700w, https:\/\/charlescarrere.art\/wp-content\/uploads\/2022\/09\/ATELIER-MUR-PORTRAITS-225x150.jpg 225w, https:\/\/charlescarrere.art\/wp-content\/uploads\/2022\/09\/ATELIER-MUR-PORTRAITS-768x512.jpg 768w, https:\/\/charlescarrere.art\/wp-content\/uploads\/2022\/09\/ATELIER-MUR-PORTRAITS-705x470.jpg 705w\" sizes=\"auto, (max-width: 1200px) 100vw, 1200px\" \/><figcaption class=\"wp-element-caption\">His studio and his imaginary portraits \u00a9CharlesCarr\u00e8re <\/figcaption><\/figure>\n<\/div>\n<\/div>\n\n\n\n<h2 class=\"wp-block-heading has-large-font-size\">WHY THIS WEBSITE ?<\/h2>\n\n\n\n<p class=\"has-large-font-size\" style=\"line-height:1.4\">This website exists to perpetuate the work of Charles Carr\u00e8re. It marks the creation of a &#8220;catalogue raisonn\u00e9&#8221; in collaboration with the Association Charles Carr\u00e8re. This catalogue will serve as a repository for the Artist&#8217;s stained glass, glass tiles, mosaics and other works. It will also provide quality documentation as the artist has testified during his lifetime and on video about what motivated each creation.<\/p>\n\n\n\n<h2 class=\"wp-block-heading\">WEBSITE EVOLUTION <\/h2>\n\n\n\n<p class=\"has-large-font-size\" style=\"line-height:1.4\">The focuses regularly offer articles with an analysis of a work. These focuses may concern stained glass windows, mosaics or drawings, paintings and collages of the artist. The Association will from time to time invite someone to comment on the focus article. These people are chosen on the basis of their credentials in Art History or in Stained Glass or Mosaic Technique or any other recognised competence in the field of Art. Sometimes, when the subject lends itself to it, it may be a member of Charles Carr\u00e8re&#8217;s family.<\/p>\n\n\n\n<p class=\"has-large-font-size\">Back to the <strong><a href=\"http:\/\/eonjmww.cluster100.hosting.ovh.net\/en\/\" data-type=\"page\" data-id=\"3791\">homepage<\/a><\/strong><\/p>\n","protected":false},"excerpt":{"rendered":"<p>WHO IS IT ? Charles Carr\u00e8re is a master stained-glass artist, mosaicist and multi-faceted artist. He was born on 10 May 1927 in Bellite on the family farm in Anglet, a French town in the Pyr\u00e9n\u00e9es Atlantiques region of Aquitaine. In this department the cultural identity is within the Community of the North Basque Country [&hellip;]<\/p>\n","protected":false},"author":1,"featured_media":0,"parent":0,"menu_order":0,"comment_status":"closed","ping_status":"closed","template":"","meta":{"footnotes":""},"class_list":["post-2589","page","type-page","status-publish","hentry"],"_links":{"self":[{"href":"https:\/\/charlescarrere.art\/en\/wp-json\/wp\/v2\/pages\/2589","targetHints":{"allow":["GET"]}}],"collection":[{"href":"https:\/\/charlescarrere.art\/en\/wp-json\/wp\/v2\/pages"}],"about":[{"href":"https:\/\/charlescarrere.art\/en\/wp-json\/wp\/v2\/types\/page"}],"author":[{"embeddable":true,"href":"https:\/\/charlescarrere.art\/en\/wp-json\/wp\/v2\/users\/1"}],"replies":[{"embeddable":true,"href":"https:\/\/charlescarrere.art\/en\/wp-json\/wp\/v2\/comments?post=2589"}],"version-history":[{"count":10,"href":"https:\/\/charlescarrere.art\/en\/wp-json\/wp\/v2\/pages\/2589\/revisions"}],"predecessor-version":[{"id":4775,"href":"https:\/\/charlescarrere.art\/en\/wp-json\/wp\/v2\/pages\/2589\/revisions\/4775"}],"wp:attachment":[{"href":"https:\/\/charlescarrere.art\/en\/wp-json\/wp\/v2\/media?parent=2589"}],"curies":[{"name":"wp","href":"https:\/\/api.w.org\/{rel}","templated":true}]}}